{"id":1642,"date":"2024-10-18T08:08:07","date_gmt":"2024-10-18T06:08:07","guid":{"rendered":"https:\/\/greencaptain.hr\/?post_type=product&#038;p=1642"},"modified":"2025-07-26T19:56:11","modified_gmt":"2025-07-26T17:56:11","slug":"sipanski-rogac-mljeveni-500-g","status":"publish","type":"product","link":"https:\/\/greencaptain.hr\/en\/product\/sipan-island-ground-carob-500-g\/","title":{"rendered":"\u0160ipan Island ground carob (500 g)"},"content":{"rendered":"<p>Hand-picked \u0160ipan carob, dried and ground. The carob has excellent natural sweetness, making it ideal for baking cakes and other desserts. It is also great raw, as an addition to smoothies, muesli, yogurt, etc. Rich in fiber, antioxidants, vitamins (A, B, D, E), calcium, potassium, magnesium, and iron.<br \/>\nContains no additives or preservatives. Gluten-free.<\/p>","protected":false},"excerpt":{"rendered":"<p>100% raw ground carob \u2013 500 g<\/p>","protected":false},"featured_media":1633,"template":"","meta":[],"product_cat":[38],"product_tag":[],"class_list":{"0":"post-1642","1":"product","2":"type-product","3":"status-publish","4":"has-post-thumbnail","6":"product_cat-rogaci","8":"first","9":"outofstock","10":"taxable","11":"shipping-taxable","12":"purchasable","13":"product-type-simple"},"yoast_head":"<!-- This site is optimized with the Yoast SEO plugin v23.9 - https:\/\/yoast.com\/wordpress\/plugins\/seo\/ -->\n<title>Green Captain - \u0160ipanski roga\u010d - mljeveni (500 g)<\/title>\n<meta name=\"robots\" content=\"index, follow, max-snippet:-1, max-image-preview:large, max-video-preview:-1\" \/>\n<link rel=\"canonical\" href=\"https:\/\/greencaptain.hr\/en\/product\/sipan-island-ground-carob-500-g\/\" \/>\n<meta property=\"og:locale\" content=\"en_GB\" \/>\n<meta property=\"og:type\" content=\"article\" \/>\n<meta property=\"og:title\" content=\"Green Captain - \u0160ipanski roga\u010d - mljeveni (500 g)\" \/>\n<meta property=\"og:description\" content=\"100% sirovi mljeveni roga\u010d - 500 g\" \/>\n<meta property=\"og:url\" content=\"https:\/\/greencaptain.hr\/en\/product\/sipan-island-ground-carob-500-g\/\" \/>\n<meta property=\"og:site_name\" content=\"Green Captain\" \/>\n<meta property=\"article:modified_time\" content=\"2025-07-26T17:56:11+00:00\" \/>\n<meta property=\"og:image\" content=\"https:\/\/greencaptain.hr\/wp-content\/uploads\/2024\/10\/rogac-mljeveni-500.png\" \/>\n\t<meta property=\"og:image:width\" content=\"1128\" \/>\n\t<meta property=\"og:image:height\" content=\"1452\" \/>\n\t<meta property=\"og:image:type\" content=\"image\/png\" \/>\n<meta name=\"twitter:card\" content=\"summary_large_image\" \/>\n<meta name=\"twitter:label1\" content=\"Estimated reading time\" \/>\n\t<meta name=\"twitter:data1\" content=\"1 minute\" \/>\n<script type=\"application\/ld+json\" class=\"yoast-schema-graph\">{\"@context\":\"https:\/\/schema.org\",\"@graph\":[{\"@type\":\"WebPage\",\"@id\":\"https:\/\/greencaptain.hr\/en\/product\/sipan-island-ground-carob-500-g\/\",\"url\":\"https:\/\/greencaptain.hr\/en\/product\/sipan-island-ground-carob-500-g\/\",\"name\":\"Green Captain - \u0160ipanski roga\u010d - mljeveni (500 g)\",\"isPartOf\":{\"@id\":\"https:\/\/greencaptain.hr\/en\/#website\"},\"primaryImageOfPage\":{\"@id\":\"https:\/\/greencaptain.hr\/en\/product\/sipan-island-ground-carob-500-g\/#primaryimage\"},\"image\":{\"@id\":\"https:\/\/greencaptain.hr\/en\/product\/sipan-island-ground-carob-500-g\/#primaryimage\"},\"thumbnailUrl\":\"https:\/\/greencaptain.hr\/wp-content\/uploads\/2024\/10\/rogac-mljeveni-500.png\",\"datePublished\":\"2024-10-18T06:08:07+00:00\",\"dateModified\":\"2025-07-26T17:56:11+00:00\",\"breadcrumb\":{\"@id\":\"https:\/\/greencaptain.hr\/en\/product\/sipan-island-ground-carob-500-g\/#breadcrumb\"},\"inLanguage\":\"en-GB\",\"potentialAction\":[{\"@type\":\"ReadAction\",\"target\":[\"https:\/\/greencaptain.hr\/en\/product\/sipan-island-ground-carob-500-g\/\"]}]},{\"@type\":\"ImageObject\",\"inLanguage\":\"en-GB\",\"@id\":\"https:\/\/greencaptain.hr\/en\/product\/sipan-island-ground-carob-500-g\/#primaryimage\",\"url\":\"https:\/\/greencaptain.hr\/wp-content\/uploads\/2024\/10\/rogac-mljeveni-500.png\",\"contentUrl\":\"https:\/\/greencaptain.hr\/wp-content\/uploads\/2024\/10\/rogac-mljeveni-500.png\",\"width\":1128,\"height\":1452},{\"@type\":\"BreadcrumbList\",\"@id\":\"https:\/\/greencaptain.hr\/en\/product\/sipan-island-ground-carob-500-g\/#breadcrumb\",\"itemListElement\":[{\"@type\":\"ListItem\",\"position\":1,\"name\":\"Po\u010detna stranica\",\"item\":\"https:\/\/greencaptain.hr\/en\/\"},{\"@type\":\"ListItem\",\"position\":2,\"name\":\"Trgovina\",\"item\":\"https:\/\/greencaptain.hr\/en\/shop\/\"},{\"@type\":\"ListItem\",\"position\":3,\"name\":\"\u0160ipanski roga\u010d &#8211; mljeveni (500 g)\"}]},{\"@type\":\"WebSite\",\"@id\":\"https:\/\/greencaptain.hr\/en\/#website\",\"url\":\"https:\/\/greencaptain.hr\/en\/\",\"name\":\"Green Captain\",\"description\":\"\u0160ipan Island Treasures\",\"publisher\":{\"@id\":\"https:\/\/greencaptain.hr\/en\/#organization\"},\"potentialAction\":[{\"@type\":\"SearchAction\",\"target\":{\"@type\":\"EntryPoint\",\"urlTemplate\":\"https:\/\/greencaptain.hr\/en\/?s={search_term_string}\"},\"query-input\":{\"@type\":\"PropertyValueSpecification\",\"valueRequired\":true,\"valueName\":\"search_term_string\"}}],\"inLanguage\":\"en-GB\"},{\"@type\":\"Organization\",\"@id\":\"https:\/\/greencaptain.hr\/en\/#organization\",\"name\":\"Green Captain\",\"url\":\"https:\/\/greencaptain.hr\/en\/\",\"logo\":{\"@type\":\"ImageObject\",\"inLanguage\":\"en-GB\",\"@id\":\"https:\/\/greencaptain.hr\/en\/#\/schema\/logo\/image\/\",\"url\":\"https:\/\/greencaptain.hr\/wp-content\/uploads\/2024\/11\/green-captain-logo-expanded-green-slogan.svg\",\"contentUrl\":\"https:\/\/greencaptain.hr\/wp-content\/uploads\/2024\/11\/green-captain-logo-expanded-green-slogan.svg\",\"width\":281,\"height\":156,\"caption\":\"Green Captain\"},\"image\":{\"@id\":\"https:\/\/greencaptain.hr\/en\/#\/schema\/logo\/image\/\"}}]}<\/script>\n<!-- \/ Yoast SEO plugin. -->","yoast_head_json":{"title":"Green Captain - \u0160ipanski roga\u010d - mljeveni (500 g)","robots":{"index":"index","follow":"follow","max-snippet":"max-snippet:-1","max-image-preview":"max-image-preview:large","max-video-preview":"max-video-preview:-1"},"canonical":"https:\/\/greencaptain.hr\/en\/product\/sipan-island-ground-carob-500-g\/","og_locale":"en_GB","og_type":"article","og_title":"Green Captain - \u0160ipanski roga\u010d - mljeveni (500 g)","og_description":"100% sirovi mljeveni roga\u010d - 500 g","og_url":"https:\/\/greencaptain.hr\/en\/product\/sipan-island-ground-carob-500-g\/","og_site_name":"Green Captain","article_modified_time":"2025-07-26T17:56:11+00:00","og_image":[{"width":1128,"height":1452,"url":"https:\/\/greencaptain.hr\/wp-content\/uploads\/2024\/10\/rogac-mljeveni-500.png","type":"image\/png"}],"twitter_card":"summary_large_image","twitter_misc":{"Estimated reading time":"1 minute"},"schema":{"@context":"https:\/\/schema.org","@graph":[{"@type":"WebPage","@id":"https:\/\/greencaptain.hr\/en\/product\/sipan-island-ground-carob-500-g\/","url":"https:\/\/greencaptain.hr\/en\/product\/sipan-island-ground-carob-500-g\/","name":"Green Captain - \u0160ipanski roga\u010d - mljeveni (500 g)","isPartOf":{"@id":"https:\/\/greencaptain.hr\/en\/#website"},"primaryImageOfPage":{"@id":"https:\/\/greencaptain.hr\/en\/product\/sipan-island-ground-carob-500-g\/#primaryimage"},"image":{"@id":"https:\/\/greencaptain.hr\/en\/product\/sipan-island-ground-carob-500-g\/#primaryimage"},"thumbnailUrl":"https:\/\/greencaptain.hr\/wp-content\/uploads\/2024\/10\/rogac-mljeveni-500.png","datePublished":"2024-10-18T06:08:07+00:00","dateModified":"2025-07-26T17:56:11+00:00","breadcrumb":{"@id":"https:\/\/greencaptain.hr\/en\/product\/sipan-island-ground-carob-500-g\/#breadcrumb"},"inLanguage":"en-GB","potentialAction":[{"@type":"ReadAction","target":["https:\/\/greencaptain.hr\/en\/product\/sipan-island-ground-carob-500-g\/"]}]},{"@type":"ImageObject","inLanguage":"en-GB","@id":"https:\/\/greencaptain.hr\/en\/product\/sipan-island-ground-carob-500-g\/#primaryimage","url":"https:\/\/greencaptain.hr\/wp-content\/uploads\/2024\/10\/rogac-mljeveni-500.png","contentUrl":"https:\/\/greencaptain.hr\/wp-content\/uploads\/2024\/10\/rogac-mljeveni-500.png","width":1128,"height":1452},{"@type":"BreadcrumbList","@id":"https:\/\/greencaptain.hr\/en\/product\/sipan-island-ground-carob-500-g\/#breadcrumb","itemListElement":[{"@type":"ListItem","position":1,"name":"Po\u010detna stranica","item":"https:\/\/greencaptain.hr\/en\/"},{"@type":"ListItem","position":2,"name":"Trgovina","item":"https:\/\/greencaptain.hr\/en\/shop\/"},{"@type":"ListItem","position":3,"name":"\u0160ipanski roga\u010d &#8211; mljeveni (500 g)"}]},{"@type":"WebSite","@id":"https:\/\/greencaptain.hr\/en\/#website","url":"https:\/\/greencaptain.hr\/en\/","name":"Green Captain","description":"\u0160ipan Island Treasures","publisher":{"@id":"https:\/\/greencaptain.hr\/en\/#organization"},"potentialAction":[{"@type":"SearchAction","target":{"@type":"EntryPoint","urlTemplate":"https:\/\/greencaptain.hr\/en\/?s={search_term_string}"},"query-input":{"@type":"PropertyValueSpecification","valueRequired":true,"valueName":"search_term_string"}}],"inLanguage":"en-GB"},{"@type":"Organization","@id":"https:\/\/greencaptain.hr\/en\/#organization","name":"Green Captain","url":"https:\/\/greencaptain.hr\/en\/","logo":{"@type":"ImageObject","inLanguage":"en-GB","@id":"https:\/\/greencaptain.hr\/en\/#\/schema\/logo\/image\/","url":"https:\/\/greencaptain.hr\/wp-content\/uploads\/2024\/11\/green-captain-logo-expanded-green-slogan.svg","contentUrl":"https:\/\/greencaptain.hr\/wp-content\/uploads\/2024\/11\/green-captain-logo-expanded-green-slogan.svg","width":281,"height":156,"caption":"Green Captain"},"image":{"@id":"https:\/\/greencaptain.hr\/en\/#\/schema\/logo\/image\/"}}]}},"_links":{"self":[{"href":"https:\/\/greencaptain.hr\/en\/wp-json\/wp\/v2\/product\/1642","targetHints":{"allow":["GET"]}}],"collection":[{"href":"https:\/\/greencaptain.hr\/en\/wp-json\/wp\/v2\/product"}],"about":[{"href":"https:\/\/greencaptain.hr\/en\/wp-json\/wp\/v2\/types\/product"}],"wp:featuredmedia":[{"embeddable":true,"href":"https:\/\/greencaptain.hr\/en\/wp-json\/wp\/v2\/media\/1633"}],"wp:attachment":[{"href":"https:\/\/greencaptain.hr\/en\/wp-json\/wp\/v2\/media?parent=1642"}],"wp:term":[{"taxonomy":"product_cat","embeddable":true,"href":"https:\/\/greencaptain.hr\/en\/wp-json\/wp\/v2\/product_cat?post=1642"},{"taxonomy":"product_tag","embeddable":true,"href":"https:\/\/greencaptain.hr\/en\/wp-json\/wp\/v2\/product_tag?post=1642"}],"curies":[{"name":"wp","href":"https:\/\/api.w.org\/{rel}","templated":true}]}}