{"id":1641,"date":"2024-10-18T08:06:08","date_gmt":"2024-10-18T06:06:08","guid":{"rendered":"https:\/\/greencaptain.hr\/?post_type=product&#038;p=1641"},"modified":"2025-07-26T19:57:16","modified_gmt":"2025-07-26T17:57:16","slug":"sipanski-rogac-puder-250-g","status":"publish","type":"product","link":"https:\/\/greencaptain.hr\/en\/product\/sipan-island-carob-powder-250g\/","title":{"rendered":"\u0160ipan Island carob powder (250 g)"},"content":{"rendered":"<p>Hand-picked \u0160ipan carob, dried and finely ground into a powdery texture. The carob has excellent natural sweetness, making it perfect for preparing various desserts. Due to its powdery texture, it is also great as a drink with milk (instead of cocoa), requiring no added sugar (naturally sweet). It\u2019s also great in smoothies, muesli, and yogurt. Rich in fiber, antioxidants, vitamins (A, B, D, E), calcium, potassium, magnesium, and iron.<br \/>\nContains no additives or preservatives. Gluten-free.<\/p>","protected":false},"excerpt":{"rendered":"<p>100% raw finely ground carob with a powdery texture<\/p>","protected":false},"featured_media":1634,"template":"","meta":[],"product_cat":[38],"product_tag":[],"class_list":{"0":"post-1641","1":"product","2":"type-product","3":"status-publish","4":"has-post-thumbnail","6":"product_cat-rogaci","8":"first","9":"outofstock","10":"taxable","11":"shipping-taxable","12":"purchasable","13":"product-type-simple"},"yoast_head":"<!-- This site is optimized with the Yoast SEO plugin v23.9 - https:\/\/yoast.com\/wordpress\/plugins\/seo\/ -->\n<title>Green Captain - \u0160ipanski roga\u010d - puder (250 g)<\/title>\n<meta name=\"robots\" content=\"index, follow, max-snippet:-1, max-image-preview:large, max-video-preview:-1\" \/>\n<link rel=\"canonical\" href=\"https:\/\/greencaptain.hr\/en\/product\/sipan-island-carob-powder-250g\/\" \/>\n<meta property=\"og:locale\" content=\"en_GB\" \/>\n<meta property=\"og:type\" content=\"article\" \/>\n<meta property=\"og:title\" content=\"Green Captain - \u0160ipanski roga\u010d - puder (250 g)\" \/>\n<meta property=\"og:description\" content=\"100% sirovi fino mljeveni roga\u010d puderaste strukture - 250 g\" \/>\n<meta property=\"og:url\" content=\"https:\/\/greencaptain.hr\/en\/product\/sipan-island-carob-powder-250g\/\" \/>\n<meta property=\"og:site_name\" content=\"Green Captain\" \/>\n<meta property=\"article:modified_time\" content=\"2025-07-26T17:57:16+00:00\" \/>\n<meta property=\"og:image\" content=\"https:\/\/greencaptain.hr\/wp-content\/uploads\/2024\/10\/rogac-puder-250.png\" \/>\n\t<meta property=\"og:image:width\" content=\"1128\" \/>\n\t<meta property=\"og:image:height\" content=\"1452\" \/>\n\t<meta property=\"og:image:type\" content=\"image\/png\" \/>\n<meta name=\"twitter:card\" content=\"summary_large_image\" \/>\n<meta name=\"twitter:label1\" content=\"Estimated reading time\" \/>\n\t<meta name=\"twitter:data1\" content=\"1 minute\" \/>\n<script type=\"application\/ld+json\" class=\"yoast-schema-graph\">{\"@context\":\"https:\/\/schema.org\",\"@graph\":[{\"@type\":\"WebPage\",\"@id\":\"https:\/\/greencaptain.hr\/en\/product\/sipan-island-carob-powder-250g\/\",\"url\":\"https:\/\/greencaptain.hr\/en\/product\/sipan-island-carob-powder-250g\/\",\"name\":\"Green Captain - \u0160ipanski roga\u010d - puder (250 g)\",\"isPartOf\":{\"@id\":\"https:\/\/greencaptain.hr\/en\/#website\"},\"primaryImageOfPage\":{\"@id\":\"https:\/\/greencaptain.hr\/en\/product\/sipan-island-carob-powder-250g\/#primaryimage\"},\"image\":{\"@id\":\"https:\/\/greencaptain.hr\/en\/product\/sipan-island-carob-powder-250g\/#primaryimage\"},\"thumbnailUrl\":\"https:\/\/greencaptain.hr\/wp-content\/uploads\/2024\/10\/rogac-puder-250.png\",\"datePublished\":\"2024-10-18T06:06:08+00:00\",\"dateModified\":\"2025-07-26T17:57:16+00:00\",\"breadcrumb\":{\"@id\":\"https:\/\/greencaptain.hr\/en\/product\/sipan-island-carob-powder-250g\/#breadcrumb\"},\"inLanguage\":\"en-GB\",\"potentialAction\":[{\"@type\":\"ReadAction\",\"target\":[\"https:\/\/greencaptain.hr\/en\/product\/sipan-island-carob-powder-250g\/\"]}]},{\"@type\":\"ImageObject\",\"inLanguage\":\"en-GB\",\"@id\":\"https:\/\/greencaptain.hr\/en\/product\/sipan-island-carob-powder-250g\/#primaryimage\",\"url\":\"https:\/\/greencaptain.hr\/wp-content\/uploads\/2024\/10\/rogac-puder-250.png\",\"contentUrl\":\"https:\/\/greencaptain.hr\/wp-content\/uploads\/2024\/10\/rogac-puder-250.png\",\"width\":1128,\"height\":1452},{\"@type\":\"BreadcrumbList\",\"@id\":\"https:\/\/greencaptain.hr\/en\/product\/sipan-island-carob-powder-250g\/#breadcrumb\",\"itemListElement\":[{\"@type\":\"ListItem\",\"position\":1,\"name\":\"Po\u010detna stranica\",\"item\":\"https:\/\/greencaptain.hr\/en\/\"},{\"@type\":\"ListItem\",\"position\":2,\"name\":\"Trgovina\",\"item\":\"https:\/\/greencaptain.hr\/en\/shop\/\"},{\"@type\":\"ListItem\",\"position\":3,\"name\":\"\u0160ipanski roga\u010d &#8211; puder (250 g)\"}]},{\"@type\":\"WebSite\",\"@id\":\"https:\/\/greencaptain.hr\/en\/#website\",\"url\":\"https:\/\/greencaptain.hr\/en\/\",\"name\":\"Green Captain\",\"description\":\"\u0160ipan Island Treasures\",\"publisher\":{\"@id\":\"https:\/\/greencaptain.hr\/en\/#organization\"},\"potentialAction\":[{\"@type\":\"SearchAction\",\"target\":{\"@type\":\"EntryPoint\",\"urlTemplate\":\"https:\/\/greencaptain.hr\/en\/?s={search_term_string}\"},\"query-input\":{\"@type\":\"PropertyValueSpecification\",\"valueRequired\":true,\"valueName\":\"search_term_string\"}}],\"inLanguage\":\"en-GB\"},{\"@type\":\"Organization\",\"@id\":\"https:\/\/greencaptain.hr\/en\/#organization\",\"name\":\"Green Captain\",\"url\":\"https:\/\/greencaptain.hr\/en\/\",\"logo\":{\"@type\":\"ImageObject\",\"inLanguage\":\"en-GB\",\"@id\":\"https:\/\/greencaptain.hr\/en\/#\/schema\/logo\/image\/\",\"url\":\"https:\/\/greencaptain.hr\/wp-content\/uploads\/2024\/11\/green-captain-logo-expanded-green-slogan.svg\",\"contentUrl\":\"https:\/\/greencaptain.hr\/wp-content\/uploads\/2024\/11\/green-captain-logo-expanded-green-slogan.svg\",\"width\":281,\"height\":156,\"caption\":\"Green Captain\"},\"image\":{\"@id\":\"https:\/\/greencaptain.hr\/en\/#\/schema\/logo\/image\/\"}}]}<\/script>\n<!-- \/ Yoast SEO plugin. -->","yoast_head_json":{"title":"Green Captain - \u0160ipanski roga\u010d - puder (250 g)","robots":{"index":"index","follow":"follow","max-snippet":"max-snippet:-1","max-image-preview":"max-image-preview:large","max-video-preview":"max-video-preview:-1"},"canonical":"https:\/\/greencaptain.hr\/en\/product\/sipan-island-carob-powder-250g\/","og_locale":"en_GB","og_type":"article","og_title":"Green Captain - \u0160ipanski roga\u010d - puder (250 g)","og_description":"100% sirovi fino mljeveni roga\u010d puderaste strukture - 250 g","og_url":"https:\/\/greencaptain.hr\/en\/product\/sipan-island-carob-powder-250g\/","og_site_name":"Green Captain","article_modified_time":"2025-07-26T17:57:16+00:00","og_image":[{"width":1128,"height":1452,"url":"https:\/\/greencaptain.hr\/wp-content\/uploads\/2024\/10\/rogac-puder-250.png","type":"image\/png"}],"twitter_card":"summary_large_image","twitter_misc":{"Estimated reading time":"1 minute"},"schema":{"@context":"https:\/\/schema.org","@graph":[{"@type":"WebPage","@id":"https:\/\/greencaptain.hr\/en\/product\/sipan-island-carob-powder-250g\/","url":"https:\/\/greencaptain.hr\/en\/product\/sipan-island-carob-powder-250g\/","name":"Green Captain - \u0160ipanski roga\u010d - puder (250 g)","isPartOf":{"@id":"https:\/\/greencaptain.hr\/en\/#website"},"primaryImageOfPage":{"@id":"https:\/\/greencaptain.hr\/en\/product\/sipan-island-carob-powder-250g\/#primaryimage"},"image":{"@id":"https:\/\/greencaptain.hr\/en\/product\/sipan-island-carob-powder-250g\/#primaryimage"},"thumbnailUrl":"https:\/\/greencaptain.hr\/wp-content\/uploads\/2024\/10\/rogac-puder-250.png","datePublished":"2024-10-18T06:06:08+00:00","dateModified":"2025-07-26T17:57:16+00:00","breadcrumb":{"@id":"https:\/\/greencaptain.hr\/en\/product\/sipan-island-carob-powder-250g\/#breadcrumb"},"inLanguage":"en-GB","potentialAction":[{"@type":"ReadAction","target":["https:\/\/greencaptain.hr\/en\/product\/sipan-island-carob-powder-250g\/"]}]},{"@type":"ImageObject","inLanguage":"en-GB","@id":"https:\/\/greencaptain.hr\/en\/product\/sipan-island-carob-powder-250g\/#primaryimage","url":"https:\/\/greencaptain.hr\/wp-content\/uploads\/2024\/10\/rogac-puder-250.png","contentUrl":"https:\/\/greencaptain.hr\/wp-content\/uploads\/2024\/10\/rogac-puder-250.png","width":1128,"height":1452},{"@type":"BreadcrumbList","@id":"https:\/\/greencaptain.hr\/en\/product\/sipan-island-carob-powder-250g\/#breadcrumb","itemListElement":[{"@type":"ListItem","position":1,"name":"Po\u010detna stranica","item":"https:\/\/greencaptain.hr\/en\/"},{"@type":"ListItem","position":2,"name":"Trgovina","item":"https:\/\/greencaptain.hr\/en\/shop\/"},{"@type":"ListItem","position":3,"name":"\u0160ipanski roga\u010d &#8211; puder (250 g)"}]},{"@type":"WebSite","@id":"https:\/\/greencaptain.hr\/en\/#website","url":"https:\/\/greencaptain.hr\/en\/","name":"Green Captain","description":"\u0160ipan Island Treasures","publisher":{"@id":"https:\/\/greencaptain.hr\/en\/#organization"},"potentialAction":[{"@type":"SearchAction","target":{"@type":"EntryPoint","urlTemplate":"https:\/\/greencaptain.hr\/en\/?s={search_term_string}"},"query-input":{"@type":"PropertyValueSpecification","valueRequired":true,"valueName":"search_term_string"}}],"inLanguage":"en-GB"},{"@type":"Organization","@id":"https:\/\/greencaptain.hr\/en\/#organization","name":"Green Captain","url":"https:\/\/greencaptain.hr\/en\/","logo":{"@type":"ImageObject","inLanguage":"en-GB","@id":"https:\/\/greencaptain.hr\/en\/#\/schema\/logo\/image\/","url":"https:\/\/greencaptain.hr\/wp-content\/uploads\/2024\/11\/green-captain-logo-expanded-green-slogan.svg","contentUrl":"https:\/\/greencaptain.hr\/wp-content\/uploads\/2024\/11\/green-captain-logo-expanded-green-slogan.svg","width":281,"height":156,"caption":"Green Captain"},"image":{"@id":"https:\/\/greencaptain.hr\/en\/#\/schema\/logo\/image\/"}}]}},"_links":{"self":[{"href":"https:\/\/greencaptain.hr\/en\/wp-json\/wp\/v2\/product\/1641","targetHints":{"allow":["GET"]}}],"collection":[{"href":"https:\/\/greencaptain.hr\/en\/wp-json\/wp\/v2\/product"}],"about":[{"href":"https:\/\/greencaptain.hr\/en\/wp-json\/wp\/v2\/types\/product"}],"wp:featuredmedia":[{"embeddable":true,"href":"https:\/\/greencaptain.hr\/en\/wp-json\/wp\/v2\/media\/1634"}],"wp:attachment":[{"href":"https:\/\/greencaptain.hr\/en\/wp-json\/wp\/v2\/media?parent=1641"}],"wp:term":[{"taxonomy":"product_cat","embeddable":true,"href":"https:\/\/greencaptain.hr\/en\/wp-json\/wp\/v2\/product_cat?post=1641"},{"taxonomy":"product_tag","embeddable":true,"href":"https:\/\/greencaptain.hr\/en\/wp-json\/wp\/v2\/product_tag?post=1641"}],"curies":[{"name":"wp","href":"https:\/\/api.w.org\/{rel}","templated":true}]}}