{"id":1990,"date":"2024-12-10T12:01:01","date_gmt":"2024-12-10T11:01:01","guid":{"rendered":"https:\/\/greencaptain.hr\/?page_id=1990"},"modified":"2024-12-10T14:26:47","modified_gmt":"2024-12-10T13:26:47","slug":"financira-europska-unija-next-generation-eu","status":"publish","type":"page","link":"https:\/\/greencaptain.hr\/en\/financed-by-the-european-union-next-generation-eu\/","title":{"rendered":"EU projects"},"content":{"rendered":"<div data-elementor-type=\"wp-page\" data-elementor-id=\"1990\" class=\"elementor elementor-1990\" data-elementor-post-type=\"page\">\n\t\t\t\t<div class=\"elementor-element elementor-element-77bd4f6 e-flex e-con-boxed e-con e-parent\" data-id=\"77bd4f6\" data-element_type=\"container\">\n\t\t\t\t\t<div class=\"e-con-inner\">\n\t\t\t\t<div class=\"elementor-element elementor-element-90c9346 elementor-widget elementor-widget-theme-post-title elementor-page-title elementor-widget-heading\" data-id=\"90c9346\" data-element_type=\"widget\" data-widget_type=\"theme-post-title.default\">\n\t\t\t\t<div class=\"elementor-widget-container\">\n\t\t\t<h1 class=\"elementor-heading-title elementor-size-default\">EU projects<\/h1>\t\t<\/div>\n\t\t\t\t<\/div>\n\t\t\t\t<div class=\"elementor-element elementor-element-c0385a2 elementor-widget elementor-widget-heading\" data-id=\"c0385a2\" data-element_type=\"widget\" data-widget_type=\"heading.default\">\n\t\t\t\t<div class=\"elementor-widget-container\">\n\t\t\t<h3 class=\"elementor-heading-title elementor-size-default\">Projekt \"Vau\u010deri za digitalizaciju\"<br>\nReferentni broj: NPOO.C1.1.2. R3-I2.01<\/h3>\t\t<\/div>\n\t\t\t\t<\/div>\n\t\t\t\t<div class=\"elementor-element elementor-element-9e6cfbf elementor-widget__width-initial privacy-content elementor-widget elementor-widget-text-editor\" data-id=\"9e6cfbf\" data-element_type=\"widget\" data-widget_type=\"text-editor.default\">\n\t\t\t\t<div class=\"elementor-widget-container\">\n\t\t\t\t\t\t\t<div class=\"elementor-element elementor-element-b80e567 elementor-widget elementor-widget-heading\" data-id=\"b80e567\" data-element_type=\"widget\" data-widget_type=\"heading.default\"><div class=\"elementor-widget-container\"><h2 class=\"elementor-heading-title elementor-size-default\">Brief description of the project:<\/h2><\/div><\/div><div class=\"elementor-element elementor-element-0bf4966 elementor-widget elementor-widget-text-editor\" data-id=\"0bf4966\" data-element_type=\"widget\" data-widget_type=\"text-editor.default\"><div class=\"elementor-widget-container\"><p class=\" translation-block\">The project concerns the increase in the digitalization of the applicant's business <span class=\"il\">Bonita<\/span>,\u00a0<span lang=\"HR\">Craft for production<\/span>, which will facilitate further growth and development of the business and expand the business horizon. Digital marketing has a website as its basis and is an excellent marketing component that offers opportunities for increasing the visibility of products and services as well as recognition. Investing in the creation of a website and new functionalities of the content management system and analytics will create a competitive advantage over the competition and enable the reduction of advertising costs. Employees will acquire new digital skills and be more efficient and also more competitive, it will be easier to market services, there will be better and easier access to them, with improved response time.<br><br><\/p><\/div><\/div><div class=\"elementor-element elementor-element-1bf3844 elementor-widget elementor-widget-heading\" data-id=\"1bf3844\" data-element_type=\"widget\" data-widget_type=\"heading.default\"><div class=\"elementor-widget-container\"><h2 class=\"elementor-heading-title elementor-size-default\">Project goal:<\/h2><\/div><\/div><div class=\"elementor-element elementor-element-bd2c499 elementor-widget elementor-widget-text-editor\" data-id=\"bd2c499\" data-element_type=\"widget\" data-widget_type=\"text-editor.default\"><div class=\"elementor-widget-container\">The aim of the project is to contribute to the digitalization of the company's competitiveness through increased efficiency, use of new technologies\/market trends, building digital capacities of employees, growth in new markets and increasing revenue. The creation of the website will increase the quality of the applicant's services and increase their visibility and accessibility to the end user, which will likely have a positive impact on attracting new interested parties to the applicant's services, as well as contributing to the company's recognition.<br \/><br \/><\/div><\/div><div class=\"elementor-element elementor-element-3f99ecc elementor-widget elementor-widget-heading\" data-id=\"3f99ecc\" data-element_type=\"widget\" data-widget_type=\"heading.default\"><div class=\"elementor-widget-container\"><h2 class=\"elementor-heading-title elementor-size-default\">Project results:<\/h2><\/div><\/div><div class=\"elementor-element elementor-element-e1e265a elementor-widget elementor-widget-text-editor\" data-id=\"e1e265a\" data-element_type=\"widget\" data-widget_type=\"text-editor.default\"><div class=\"elementor-widget-container\"><ul><li>successfully implemented one project of awarding vouchers for digital marketing;<\/li><li>created, developed, designed, upgraded with new functionalities and implemented the company's website <span class=\"il\">Bonita<\/span>,\u00a0<span lang=\"HR\">Obrt za proizvodnju <\/span>s novim funkcionalnostima<\/li><li>one poster printed with information about the project and prescribed visibility elements<\/li><li>training attended by the applicant's employee for editing the website<\/li><\/ul><\/div><\/div><div class=\"elementor-element elementor-element-16164f7 elementor-widget elementor-widget-text-editor\" data-id=\"16164f7\" data-element_type=\"widget\" data-widget_type=\"text-editor.default\"><div>\u00a0<\/div><div class=\"elementor-widget-container\">\u00a0<\/div><\/div>\t\t\t\t\t\t<\/div>\n\t\t\t\t<\/div>\n\t\t<div class=\"elementor-element elementor-element-54c00e3 eu-logo-content-container e-flex e-con-boxed e-con e-child\" data-id=\"54c00e3\" data-element_type=\"container\">\n\t\t\t\t\t<div class=\"e-con-inner\">\n\t\t<div class=\"elementor-element elementor-element-123cbd0 e-con-full e-flex e-con e-child\" data-id=\"123cbd0\" data-element_type=\"container\">\n\t\t\t\t<div class=\"elementor-element elementor-element-5264fac elementor-widget elementor-widget-image\" data-id=\"5264fac\" data-element_type=\"widget\" data-widget_type=\"image.default\">\n\t\t\t\t<div class=\"elementor-widget-container\">\n\t\t\t\t\t\t\t\t\t\t\t\t\t<img fetchpriority=\"high\" decoding=\"async\" width=\"800\" height=\"213\" src=\"https:\/\/greencaptain.hr\/wp-content\/uploads\/2024\/12\/HR_Financira_Europska_unija_RGB_MONOCHROME-1024x273.png\" class=\"attachment-large size-large wp-image-2005\" alt=\"\" srcset=\"https:\/\/b3838006.smushcdn.com\/3838006\/wp-content\/uploads\/2024\/12\/HR_Financira_Europska_unija_RGB_MONOCHROME-1024x273.png?lossy=2&amp;strip=1&amp;webp=1 1024w, https:\/\/b3838006.smushcdn.com\/3838006\/wp-content\/uploads\/2024\/12\/HR_Financira_Europska_unija_RGB_MONOCHROME-300x80.png?lossy=2&amp;strip=1&amp;webp=1 300w, https:\/\/b3838006.smushcdn.com\/3838006\/wp-content\/uploads\/2024\/12\/HR_Financira_Europska_unija_RGB_MONOCHROME-768x205.png?lossy=2&amp;strip=1&amp;webp=1 768w, https:\/\/b3838006.smushcdn.com\/3838006\/wp-content\/uploads\/2024\/12\/HR_Financira_Europska_unija_RGB_MONOCHROME-1536x410.png?lossy=2&amp;strip=1&amp;webp=1 1536w, https:\/\/b3838006.smushcdn.com\/3838006\/wp-content\/uploads\/2024\/12\/HR_Financira_Europska_unija_RGB_MONOCHROME-2048x546.png?lossy=2&amp;strip=1&amp;webp=1 2048w, https:\/\/b3838006.smushcdn.com\/3838006\/wp-content\/uploads\/2024\/12\/HR_Financira_Europska_unija_RGB_MONOCHROME-18x5.png?lossy=2&amp;strip=1&amp;webp=1 18w, https:\/\/b3838006.smushcdn.com\/3838006\/wp-content\/uploads\/2024\/12\/HR_Financira_Europska_unija_RGB_MONOCHROME-600x160.png?lossy=2&amp;strip=1&amp;webp=1 600w\" sizes=\"(max-width: 800px) 100vw, 800px\" \/>\t\t\t\t\t\t\t\t\t\t\t\t\t<\/div>\n\t\t\t\t<\/div>\n\t\t\t\t<\/div>\n\t\t<div class=\"elementor-element elementor-element-4d7baec e-con-full e-flex e-con e-child\" data-id=\"4d7baec\" data-element_type=\"container\">\n\t\t\t\t<div class=\"elementor-element elementor-element-99f15e5 elementor-widget__width-initial privacy-content elementor-widget elementor-widget-text-editor\" data-id=\"99f15e5\" data-element_type=\"widget\" data-widget_type=\"text-editor.default\">\n\t\t\t\t<div class=\"elementor-widget-container\">\n\t\t\t\t\t\t\t<p class=\" translation-block\">The content of this material is the sole responsibility of <span class=\"il\">Bonita<\/span>, <span lang=\"HR\">Obrt za production.<\/span><\/p><p>\u201cFinancira Europska unija \u2013 NextGenerationEU. Izneseni stavovi i mi\u0161ljenja samo su autorova i ne odra\u017eavaju nu\u017eno slu\u017ebena stajali\u0161ta Europske unije ili Europske komisije. Ni Europska unija ni Europska komisija ne mogu se smatrati odgovornima za njih.\u201d\u00a0<\/p>\t\t\t\t\t\t<\/div>\n\t\t\t\t<\/div>\n\t\t\t\t<\/div>\n\t\t\t\t\t<\/div>\n\t\t\t\t<\/div>\n\t\t\t\t\t<\/div>\n\t\t\t\t<\/div>\n\t\t\t\t<\/div>","protected":false},"excerpt":{"rendered":"<p>Projekt &#8220;Vau\u010deri za digitalizaciju&#8221; Referentni broj: NPOO.C1.1.2. R3-I2.01 Kratki opis projekta: Projekt se odnosi na pove\u0107anje digitalizacije poslovanja prijavitelja Bonita,\u00a0Obrt za proizvodnju, \u0161to \u0107e omogu\u0107iti olak\u0161avanje daljnjeg rasta i razvoja poslovanja i pro\u0161irenje horizonta poslovanja. Digitalni marketing za svoju osnovu ima web stranicu te je izvrsna komponenta marketinga koja nudi mogu\u0107nosti za pove\u0107anje vidljivosti proizvoda [&hellip;]<\/p>","protected":false},"author":1,"featured_media":0,"parent":0,"menu_order":0,"comment_status":"closed","ping_status":"closed","template":"elementor_header_footer","meta":{"footnotes":""},"class_list":["post-1990","page","type-page","status-publish","hentry"],"yoast_head":"<!-- This site is optimized with the Yoast SEO plugin v23.9 - https:\/\/yoast.com\/wordpress\/plugins\/seo\/ -->\n<title>Green Captain - EU projekti<\/title>\n<meta name=\"robots\" content=\"index, follow, max-snippet:-1, max-image-preview:large, max-video-preview:-1\" \/>\n<link rel=\"canonical\" href=\"https:\/\/greencaptain.hr\/en\/financed-by-the-european-union-next-generation-eu\/\" \/>\n<meta property=\"og:locale\" content=\"en_GB\" \/>\n<meta property=\"og:type\" content=\"article\" \/>\n<meta property=\"og:title\" content=\"Green Captain - EU projekti\" \/>\n<meta property=\"og:description\" content=\"Projekt &#8220;Vau\u010deri za digitalizaciju&#8221; Referentni broj: NPOO.C1.1.2. R3-I2.01 Kratki opis projekta: Projekt se odnosi na pove\u0107anje digitalizacije poslovanja prijavitelja Bonita,\u00a0Obrt za proizvodnju, \u0161to \u0107e omogu\u0107iti olak\u0161avanje daljnjeg rasta i razvoja poslovanja i pro\u0161irenje horizonta poslovanja. Digitalni marketing za svoju osnovu ima web stranicu te je izvrsna komponenta marketinga koja nudi mogu\u0107nosti za pove\u0107anje vidljivosti proizvoda [&hellip;]\" \/>\n<meta property=\"og:url\" content=\"https:\/\/greencaptain.hr\/en\/financed-by-the-european-union-next-generation-eu\/\" \/>\n<meta property=\"og:site_name\" content=\"Green Captain\" \/>\n<meta property=\"article:modified_time\" content=\"2024-12-10T13:26:47+00:00\" \/>\n<meta property=\"og:image\" content=\"https:\/\/greencaptain.hr\/wp-content\/uploads\/2024\/12\/HR_Financira_Europska_unija_RGB_MONOCHROME-1024x273.png\" \/>\n<meta name=\"twitter:card\" content=\"summary_large_image\" \/>\n<meta name=\"twitter:label1\" content=\"Estimated reading time\" \/>\n\t<meta name=\"twitter:data1\" content=\"3 minutes\" \/>\n<script type=\"application\/ld+json\" class=\"yoast-schema-graph\">{\"@context\":\"https:\/\/schema.org\",\"@graph\":[{\"@type\":\"WebPage\",\"@id\":\"https:\/\/greencaptain.hr\/en\/financed-by-the-european-union-next-generation-eu\/\",\"url\":\"https:\/\/greencaptain.hr\/en\/financed-by-the-european-union-next-generation-eu\/\",\"name\":\"Green Captain - EU projekti\",\"isPartOf\":{\"@id\":\"https:\/\/greencaptain.hr\/en\/#website\"},\"primaryImageOfPage\":{\"@id\":\"https:\/\/greencaptain.hr\/en\/financed-by-the-european-union-next-generation-eu\/#primaryimage\"},\"image\":{\"@id\":\"https:\/\/greencaptain.hr\/en\/financed-by-the-european-union-next-generation-eu\/#primaryimage\"},\"thumbnailUrl\":\"https:\/\/greencaptain.hr\/wp-content\/uploads\/2024\/12\/HR_Financira_Europska_unija_RGB_MONOCHROME-1024x273.png\",\"datePublished\":\"2024-12-10T11:01:01+00:00\",\"dateModified\":\"2024-12-10T13:26:47+00:00\",\"breadcrumb\":{\"@id\":\"https:\/\/greencaptain.hr\/en\/financed-by-the-european-union-next-generation-eu\/#breadcrumb\"},\"inLanguage\":\"en-GB\",\"potentialAction\":[{\"@type\":\"ReadAction\",\"target\":[\"https:\/\/greencaptain.hr\/en\/financed-by-the-european-union-next-generation-eu\/\"]}]},{\"@type\":\"ImageObject\",\"inLanguage\":\"en-GB\",\"@id\":\"https:\/\/greencaptain.hr\/en\/financed-by-the-european-union-next-generation-eu\/#primaryimage\",\"url\":\"https:\/\/greencaptain.hr\/wp-content\/uploads\/2024\/12\/HR_Financira_Europska_unija_RGB_MONOCHROME-1024x273.png\",\"contentUrl\":\"https:\/\/greencaptain.hr\/wp-content\/uploads\/2024\/12\/HR_Financira_Europska_unija_RGB_MONOCHROME-1024x273.png\"},{\"@type\":\"BreadcrumbList\",\"@id\":\"https:\/\/greencaptain.hr\/en\/financed-by-the-european-union-next-generation-eu\/#breadcrumb\",\"itemListElement\":[{\"@type\":\"ListItem\",\"position\":1,\"name\":\"Po\u010detna stranica\",\"item\":\"https:\/\/greencaptain.hr\/en\/\"},{\"@type\":\"ListItem\",\"position\":2,\"name\":\"EU projekti\"}]},{\"@type\":\"WebSite\",\"@id\":\"https:\/\/greencaptain.hr\/en\/#website\",\"url\":\"https:\/\/greencaptain.hr\/en\/\",\"name\":\"Green Captain\",\"description\":\"\u0160ipan Island Treasures\",\"publisher\":{\"@id\":\"https:\/\/greencaptain.hr\/en\/#organization\"},\"potentialAction\":[{\"@type\":\"SearchAction\",\"target\":{\"@type\":\"EntryPoint\",\"urlTemplate\":\"https:\/\/greencaptain.hr\/en\/?s={search_term_string}\"},\"query-input\":{\"@type\":\"PropertyValueSpecification\",\"valueRequired\":true,\"valueName\":\"search_term_string\"}}],\"inLanguage\":\"en-GB\"},{\"@type\":\"Organization\",\"@id\":\"https:\/\/greencaptain.hr\/en\/#organization\",\"name\":\"Green Captain\",\"url\":\"https:\/\/greencaptain.hr\/en\/\",\"logo\":{\"@type\":\"ImageObject\",\"inLanguage\":\"en-GB\",\"@id\":\"https:\/\/greencaptain.hr\/en\/#\/schema\/logo\/image\/\",\"url\":\"https:\/\/greencaptain.hr\/wp-content\/uploads\/2024\/11\/green-captain-logo-expanded-green-slogan.svg\",\"contentUrl\":\"https:\/\/greencaptain.hr\/wp-content\/uploads\/2024\/11\/green-captain-logo-expanded-green-slogan.svg\",\"width\":281,\"height\":156,\"caption\":\"Green Captain\"},\"image\":{\"@id\":\"https:\/\/greencaptain.hr\/en\/#\/schema\/logo\/image\/\"}}]}<\/script>\n<!-- \/ Yoast SEO plugin. -->","yoast_head_json":{"title":"Green Captain - EU projekti","robots":{"index":"index","follow":"follow","max-snippet":"max-snippet:-1","max-image-preview":"max-image-preview:large","max-video-preview":"max-video-preview:-1"},"canonical":"https:\/\/greencaptain.hr\/en\/financed-by-the-european-union-next-generation-eu\/","og_locale":"en_GB","og_type":"article","og_title":"Green Captain - EU projekti","og_description":"Projekt &#8220;Vau\u010deri za digitalizaciju&#8221; Referentni broj: NPOO.C1.1.2. R3-I2.01 Kratki opis projekta: Projekt se odnosi na pove\u0107anje digitalizacije poslovanja prijavitelja Bonita,\u00a0Obrt za proizvodnju, \u0161to \u0107e omogu\u0107iti olak\u0161avanje daljnjeg rasta i razvoja poslovanja i pro\u0161irenje horizonta poslovanja. Digitalni marketing za svoju osnovu ima web stranicu te je izvrsna komponenta marketinga koja nudi mogu\u0107nosti za pove\u0107anje vidljivosti proizvoda [&hellip;]","og_url":"https:\/\/greencaptain.hr\/en\/financed-by-the-european-union-next-generation-eu\/","og_site_name":"Green Captain","article_modified_time":"2024-12-10T13:26:47+00:00","og_image":[{"url":"https:\/\/greencaptain.hr\/wp-content\/uploads\/2024\/12\/HR_Financira_Europska_unija_RGB_MONOCHROME-1024x273.png"}],"twitter_card":"summary_large_image","twitter_misc":{"Estimated reading time":"3 minutes"},"schema":{"@context":"https:\/\/schema.org","@graph":[{"@type":"WebPage","@id":"https:\/\/greencaptain.hr\/en\/financed-by-the-european-union-next-generation-eu\/","url":"https:\/\/greencaptain.hr\/en\/financed-by-the-european-union-next-generation-eu\/","name":"Green Captain - EU projekti","isPartOf":{"@id":"https:\/\/greencaptain.hr\/en\/#website"},"primaryImageOfPage":{"@id":"https:\/\/greencaptain.hr\/en\/financed-by-the-european-union-next-generation-eu\/#primaryimage"},"image":{"@id":"https:\/\/greencaptain.hr\/en\/financed-by-the-european-union-next-generation-eu\/#primaryimage"},"thumbnailUrl":"https:\/\/greencaptain.hr\/wp-content\/uploads\/2024\/12\/HR_Financira_Europska_unija_RGB_MONOCHROME-1024x273.png","datePublished":"2024-12-10T11:01:01+00:00","dateModified":"2024-12-10T13:26:47+00:00","breadcrumb":{"@id":"https:\/\/greencaptain.hr\/en\/financed-by-the-european-union-next-generation-eu\/#breadcrumb"},"inLanguage":"en-GB","potentialAction":[{"@type":"ReadAction","target":["https:\/\/greencaptain.hr\/en\/financed-by-the-european-union-next-generation-eu\/"]}]},{"@type":"ImageObject","inLanguage":"en-GB","@id":"https:\/\/greencaptain.hr\/en\/financed-by-the-european-union-next-generation-eu\/#primaryimage","url":"https:\/\/greencaptain.hr\/wp-content\/uploads\/2024\/12\/HR_Financira_Europska_unija_RGB_MONOCHROME-1024x273.png","contentUrl":"https:\/\/greencaptain.hr\/wp-content\/uploads\/2024\/12\/HR_Financira_Europska_unija_RGB_MONOCHROME-1024x273.png"},{"@type":"BreadcrumbList","@id":"https:\/\/greencaptain.hr\/en\/financed-by-the-european-union-next-generation-eu\/#breadcrumb","itemListElement":[{"@type":"ListItem","position":1,"name":"Po\u010detna stranica","item":"https:\/\/greencaptain.hr\/en\/"},{"@type":"ListItem","position":2,"name":"EU projekti"}]},{"@type":"WebSite","@id":"https:\/\/greencaptain.hr\/en\/#website","url":"https:\/\/greencaptain.hr\/en\/","name":"Green Captain","description":"\u0160ipan Island Treasures","publisher":{"@id":"https:\/\/greencaptain.hr\/en\/#organization"},"potentialAction":[{"@type":"SearchAction","target":{"@type":"EntryPoint","urlTemplate":"https:\/\/greencaptain.hr\/en\/?s={search_term_string}"},"query-input":{"@type":"PropertyValueSpecification","valueRequired":true,"valueName":"search_term_string"}}],"inLanguage":"en-GB"},{"@type":"Organization","@id":"https:\/\/greencaptain.hr\/en\/#organization","name":"Green Captain","url":"https:\/\/greencaptain.hr\/en\/","logo":{"@type":"ImageObject","inLanguage":"en-GB","@id":"https:\/\/greencaptain.hr\/en\/#\/schema\/logo\/image\/","url":"https:\/\/greencaptain.hr\/wp-content\/uploads\/2024\/11\/green-captain-logo-expanded-green-slogan.svg","contentUrl":"https:\/\/greencaptain.hr\/wp-content\/uploads\/2024\/11\/green-captain-logo-expanded-green-slogan.svg","width":281,"height":156,"caption":"Green Captain"},"image":{"@id":"https:\/\/greencaptain.hr\/en\/#\/schema\/logo\/image\/"}}]}},"_links":{"self":[{"href":"https:\/\/greencaptain.hr\/en\/wp-json\/wp\/v2\/pages\/1990","targetHints":{"allow":["GET"]}}],"collection":[{"href":"https:\/\/greencaptain.hr\/en\/wp-json\/wp\/v2\/pages"}],"about":[{"href":"https:\/\/greencaptain.hr\/en\/wp-json\/wp\/v2\/types\/page"}],"author":[{"embeddable":true,"href":"https:\/\/greencaptain.hr\/en\/wp-json\/wp\/v2\/users\/1"}],"replies":[{"embeddable":true,"href":"https:\/\/greencaptain.hr\/en\/wp-json\/wp\/v2\/comments?post=1990"}],"version-history":[{"count":25,"href":"https:\/\/greencaptain.hr\/en\/wp-json\/wp\/v2\/pages\/1990\/revisions"}],"predecessor-version":[{"id":2027,"href":"https:\/\/greencaptain.hr\/en\/wp-json\/wp\/v2\/pages\/1990\/revisions\/2027"}],"wp:attachment":[{"href":"https:\/\/greencaptain.hr\/en\/wp-json\/wp\/v2\/media?parent=1990"}],"curies":[{"name":"wp","href":"https:\/\/api.w.org\/{rel}","templated":true}]}}